{"id":14,"date":"2020-01-27T14:40:27","date_gmt":"2020-01-27T16:40:27","guid":{"rendered":"http:\/\/webapp172449.ip-45-33-1-11.cloudezapp.io\/?page_id=14"},"modified":"2020-01-27T14:40:27","modified_gmt":"2020-01-27T16:40:27","slug":"home","status":"publish","type":"page","link":"https:\/\/br.cellep.com\/blog\/","title":{"rendered":"Home"},"content":{"rendered":"","protected":false},"excerpt":{"rendered":"","protected":false},"author":1,"featured_media":0,"parent":0,"menu_order":0,"comment_status":"closed","ping_status":"closed","template":"","meta":[],"yoast_head":"<!-- This site is optimized with the Yoast SEO plugin v17.6 - https:\/\/yoast.com\/wordpress\/plugins\/seo\/ -->\n<title>Blog Cel.Lep \u2013 Not\u00edcias e Curiosidades sobre Idiomas<\/title>\n<meta name=\"description\" content=\"Acompanhe diferentes novidades, curiosidades e not\u00edcias do Cel.Lep no blog. S\u00e3o dicas de aprendizado, carreira e muito mais!\" \/>\n<meta name=\"robots\" content=\"index, follow, max-snippet:-1, max-image-preview:large, max-video-preview:-1\" \/>\n<link rel=\"canonical\" href=\"https:\/\/br.cellep.com\/blog\/\" \/>\n<meta property=\"og:locale\" content=\"pt_BR\" \/>\n<meta property=\"og:type\" content=\"article\" \/>\n<meta property=\"og:title\" content=\"Blog Cel.Lep \u2013 Not\u00edcias e Curiosidades sobre Idiomas\" \/>\n<meta property=\"og:description\" content=\"Acompanhe diferentes novidades, curiosidades e not\u00edcias do Cel.Lep no blog. S\u00e3o dicas de aprendizado, carreira e muito mais!\" \/>\n<meta property=\"og:url\" content=\"https:\/\/br.cellep.com\/blog\/\" \/>\n<meta property=\"og:site_name\" content=\"Cel.Lep A Melhor Escola de Ingl\u00eas\" \/>\n<meta name=\"twitter:card\" content=\"summary_large_image\" \/>\n<script type=\"application\/ld+json\" class=\"yoast-schema-graph\">{\"@context\":\"https:\/\/schema.org\",\"@graph\":[{\"@type\":\"WebSite\",\"@id\":\"https:\/\/br.cellep.com\/blog\/#website\",\"url\":\"https:\/\/br.cellep.com\/blog\/\",\"name\":\"Cel.Lep A Melhor Escola de Ingl\\u00eas\",\"description\":\"A Melhor Escola de Ingl\\u00eas\",\"potentialAction\":[{\"@type\":\"SearchAction\",\"target\":{\"@type\":\"EntryPoint\",\"urlTemplate\":\"https:\/\/br.cellep.com\/blog\/?s={search_term_string}\"},\"query-input\":\"required name=search_term_string\"}],\"inLanguage\":\"pt-BR\"},{\"@type\":\"WebPage\",\"@id\":\"https:\/\/br.cellep.com\/blog\/#webpage\",\"url\":\"https:\/\/br.cellep.com\/blog\/\",\"name\":\"Blog Cel.Lep \\u2013 Not\\u00edcias e Curiosidades sobre Idiomas\",\"isPartOf\":{\"@id\":\"https:\/\/br.cellep.com\/blog\/#website\"},\"datePublished\":\"2020-01-27T16:40:27+00:00\",\"dateModified\":\"2020-01-27T16:40:27+00:00\",\"description\":\"Acompanhe diferentes novidades, curiosidades e not\\u00edcias do Cel.Lep no blog. S\\u00e3o dicas de aprendizado, carreira e muito mais!\",\"breadcrumb\":{\"@id\":\"https:\/\/br.cellep.com\/blog\/#breadcrumb\"},\"inLanguage\":\"pt-BR\",\"potentialAction\":[{\"@type\":\"ReadAction\",\"target\":[\"https:\/\/br.cellep.com\/blog\/\"]}]},{\"@type\":\"BreadcrumbList\",\"@id\":\"https:\/\/br.cellep.com\/blog\/#breadcrumb\",\"itemListElement\":[{\"@type\":\"ListItem\",\"position\":1,\"name\":\"In\\u00edcio\",\"item\":\"https:\/\/br.cellep.com\/blog\/\"},{\"@type\":\"ListItem\",\"position\":2,\"name\":\"Home\"}]}]}<\/script>\n<!-- \/ Yoast SEO plugin. -->","yoast_head_json":{"title":"Blog Cel.Lep \u2013 Not\u00edcias e Curiosidades sobre Idiomas","description":"Acompanhe diferentes novidades, curiosidades e not\u00edcias do Cel.Lep no blog. S\u00e3o dicas de aprendizado, carreira e muito mais!","robots":{"index":"index","follow":"follow","max-snippet":"max-snippet:-1","max-image-preview":"max-image-preview:large","max-video-preview":"max-video-preview:-1"},"canonical":"https:\/\/br.cellep.com\/blog\/","og_locale":"pt_BR","og_type":"article","og_title":"Blog Cel.Lep \u2013 Not\u00edcias e Curiosidades sobre Idiomas","og_description":"Acompanhe diferentes novidades, curiosidades e not\u00edcias do Cel.Lep no blog. S\u00e3o dicas de aprendizado, carreira e muito mais!","og_url":"https:\/\/br.cellep.com\/blog\/","og_site_name":"Cel.Lep A Melhor Escola de Ingl\u00eas","twitter_card":"summary_large_image","schema":{"@context":"https:\/\/schema.org","@graph":[{"@type":"WebSite","@id":"https:\/\/br.cellep.com\/blog\/#website","url":"https:\/\/br.cellep.com\/blog\/","name":"Cel.Lep A Melhor Escola de Ingl\u00eas","description":"A Melhor Escola de Ingl\u00eas","potentialAction":[{"@type":"SearchAction","target":{"@type":"EntryPoint","urlTemplate":"https:\/\/br.cellep.com\/blog\/?s={search_term_string}"},"query-input":"required name=search_term_string"}],"inLanguage":"pt-BR"},{"@type":"WebPage","@id":"https:\/\/br.cellep.com\/blog\/#webpage","url":"https:\/\/br.cellep.com\/blog\/","name":"Blog Cel.Lep \u2013 Not\u00edcias e Curiosidades sobre Idiomas","isPartOf":{"@id":"https:\/\/br.cellep.com\/blog\/#website"},"datePublished":"2020-01-27T16:40:27+00:00","dateModified":"2020-01-27T16:40:27+00:00","description":"Acompanhe diferentes novidades, curiosidades e not\u00edcias do Cel.Lep no blog. S\u00e3o dicas de aprendizado, carreira e muito mais!","breadcrumb":{"@id":"https:\/\/br.cellep.com\/blog\/#breadcrumb"},"inLanguage":"pt-BR","potentialAction":[{"@type":"ReadAction","target":["https:\/\/br.cellep.com\/blog\/"]}]},{"@type":"BreadcrumbList","@id":"https:\/\/br.cellep.com\/blog\/#breadcrumb","itemListElement":[{"@type":"ListItem","position":1,"name":"In\u00edcio","item":"https:\/\/br.cellep.com\/blog\/"},{"@type":"ListItem","position":2,"name":"Home"}]}]}},"_links":{"self":[{"href":"https:\/\/br.cellep.com\/blog\/wp-json\/wp\/v2\/pages\/14"}],"collection":[{"href":"https:\/\/br.cellep.com\/blog\/wp-json\/wp\/v2\/pages"}],"about":[{"href":"https:\/\/br.cellep.com\/blog\/wp-json\/wp\/v2\/types\/page"}],"author":[{"embeddable":true,"href":"https:\/\/br.cellep.com\/blog\/wp-json\/wp\/v2\/users\/1"}],"replies":[{"embeddable":true,"href":"https:\/\/br.cellep.com\/blog\/wp-json\/wp\/v2\/comments?post=14"}],"version-history":[{"count":0,"href":"https:\/\/br.cellep.com\/blog\/wp-json\/wp\/v2\/pages\/14\/revisions"}],"wp:attachment":[{"href":"https:\/\/br.cellep.com\/blog\/wp-json\/wp\/v2\/media?parent=14"}],"curies":[{"name":"wp","href":"https:\/\/api.w.org\/{rel}","templated":true}]}}